{"id":23,"date":"2020-01-18T21:36:25","date_gmt":"2020-01-18T21:36:25","guid":{"rendered":"http:\/\/aus-der-klingenquelle.de\/?page_id=23"},"modified":"2021-04-07T17:35:38","modified_gmt":"2021-04-07T17:35:38","slug":"ueber-uns","status":"publish","type":"page","link":"http:\/\/aus-der-klingenquelle.de\/?page_id=23","title":{"rendered":"\u00dcber Uns"},"content":{"rendered":"\n<div class=\"wp-block-group\"><div class=\"wp-block-group__inner-container is-layout-flow wp-block-group-is-layout-flow\">\n<div class=\"wp-block-group\"><div class=\"wp-block-group__inner-container is-layout-flow wp-block-group-is-layout-flow\">\n<figure class=\"wp-block-gallery aligncenter columns-2 is-cropped wp-block-gallery-1 is-layout-flex wp-block-gallery-is-layout-flex\"><ul class=\"blocks-gallery-grid\"><li class=\"blocks-gallery-item\"><figure><img loading=\"lazy\" decoding=\"async\" width=\"1024\" height=\"731\" src=\"http:\/\/aus-der-klingenquelle.de\/wp-content\/uploads\/2020\/04\/DSC_8150-1024x731.jpg\" alt=\"\" data-id=\"261\" class=\"wp-image-261\" srcset=\"http:\/\/aus-der-klingenquelle.de\/wp-content\/uploads\/2020\/04\/DSC_8150-1024x731.jpg 1024w, http:\/\/aus-der-klingenquelle.de\/wp-content\/uploads\/2020\/04\/DSC_8150-300x214.jpg 300w, http:\/\/aus-der-klingenquelle.de\/wp-content\/uploads\/2020\/04\/DSC_8150-768x548.jpg 768w, http:\/\/aus-der-klingenquelle.de\/wp-content\/uploads\/2020\/04\/DSC_8150-1536x1096.jpg 1536w, http:\/\/aus-der-klingenquelle.de\/wp-content\/uploads\/2020\/04\/DSC_8150-2048x1461.jpg 2048w\" sizes=\"auto, (max-width: 1024px) 100vw, 1024px\" \/><\/figure><\/li><li class=\"blocks-gallery-item\"><figure><img loading=\"lazy\" decoding=\"async\" width=\"1024\" height=\"731\" src=\"http:\/\/aus-der-klingenquelle.de\/wp-content\/uploads\/2020\/04\/DSC_8163-1024x731.jpg\" alt=\"\" data-id=\"262\" data-link=\"http:\/\/aus-der-klingenquelle.de\/?attachment_id=262\" class=\"wp-image-262\" srcset=\"http:\/\/aus-der-klingenquelle.de\/wp-content\/uploads\/2020\/04\/DSC_8163-1024x731.jpg 1024w, http:\/\/aus-der-klingenquelle.de\/wp-content\/uploads\/2020\/04\/DSC_8163-300x214.jpg 300w, http:\/\/aus-der-klingenquelle.de\/wp-content\/uploads\/2020\/04\/DSC_8163-768x548.jpg 768w, http:\/\/aus-der-klingenquelle.de\/wp-content\/uploads\/2020\/04\/DSC_8163-1536x1096.jpg 1536w, http:\/\/aus-der-klingenquelle.de\/wp-content\/uploads\/2020\/04\/DSC_8163-2048x1461.jpg 2048w\" sizes=\"auto, (max-width: 1024px) 100vw, 1024px\" \/><\/figure><\/li><li class=\"blocks-gallery-item\"><figure><img loading=\"lazy\" decoding=\"async\" width=\"1024\" height=\"731\" src=\"http:\/\/aus-der-klingenquelle.de\/wp-content\/uploads\/2020\/04\/DSC_8167-1024x731.jpg\" alt=\"\" data-id=\"263\" data-link=\"http:\/\/aus-der-klingenquelle.de\/?attachment_id=263\" class=\"wp-image-263\" srcset=\"http:\/\/aus-der-klingenquelle.de\/wp-content\/uploads\/2020\/04\/DSC_8167-1024x731.jpg 1024w, http:\/\/aus-der-klingenquelle.de\/wp-content\/uploads\/2020\/04\/DSC_8167-300x214.jpg 300w, http:\/\/aus-der-klingenquelle.de\/wp-content\/uploads\/2020\/04\/DSC_8167-768x548.jpg 768w, http:\/\/aus-der-klingenquelle.de\/wp-content\/uploads\/2020\/04\/DSC_8167-1536x1096.jpg 1536w, http:\/\/aus-der-klingenquelle.de\/wp-content\/uploads\/2020\/04\/DSC_8167-2048x1461.jpg 2048w\" sizes=\"auto, (max-width: 1024px) 100vw, 1024px\" \/><\/figure><\/li><li class=\"blocks-gallery-item\"><figure><img loading=\"lazy\" decoding=\"async\" width=\"1024\" height=\"731\" src=\"http:\/\/aus-der-klingenquelle.de\/wp-content\/uploads\/2020\/04\/DSC_8212-1024x731.jpg\" alt=\"\" data-id=\"264\" data-full-url=\"http:\/\/aus-der-klingenquelle.de\/wp-content\/uploads\/2020\/04\/DSC_8212.jpg\" data-link=\"http:\/\/aus-der-klingenquelle.de\/?attachment_id=264\" class=\"wp-image-264\" srcset=\"http:\/\/aus-der-klingenquelle.de\/wp-content\/uploads\/2020\/04\/DSC_8212-1024x731.jpg 1024w, http:\/\/aus-der-klingenquelle.de\/wp-content\/uploads\/2020\/04\/DSC_8212-300x214.jpg 300w, http:\/\/aus-der-klingenquelle.de\/wp-content\/uploads\/2020\/04\/DSC_8212-768x548.jpg 768w, http:\/\/aus-der-klingenquelle.de\/wp-content\/uploads\/2020\/04\/DSC_8212-1536x1096.jpg 1536w, http:\/\/aus-der-klingenquelle.de\/wp-content\/uploads\/2020\/04\/DSC_8212-2048x1461.jpg 2048w\" sizes=\"auto, (max-width: 1024px) 100vw, 1024px\" \/><\/figure><\/li><\/ul><\/figure>\n<\/div><\/div>\n<\/div><\/div>\n\n\n\n<p class=\"has-text-align-center\">Hier sieht man mich mit Angela und Johanna.<\/p>\n\n\n\n<p class=\"has-text-align-center\">Mit ihnen und den anderen aus meiner Familie lebe ich seit August 2016 in dem D\u00f6rfchen Ebenshausen.<\/p>\n\n\n\n<p class=\"has-text-align-center\">Das liegt im wundersch\u00f6nen Werratal im gr\u00fcnen Herzen Deutschlands.<\/p>\n\n\n\n<p class=\"has-text-align-center\">Bei meiner Familie hatte ich schon einige Vorg\u00e4nger, aber ich bin der erste Labrador und werde bestimmt nicht die Einzige bleiben. \ud83d\ude09<\/p>\n\n\n\n<p class=\"has-text-align-center\">In meiner Bildergalerie kann man sehen, dass ich f\u00fcr jeden Spa\u00df zu haben und gerne unterwegs bin. Ich wei\u00df mich zu benehmen, ob am Strand, beim Spielen mit anderen Hunden, im Restaurant oder auch beim Fotoshooting.&nbsp;<\/p>\n\n\n\n<p class=\"has-text-align-center\">Egal wo meine Menschen hin gehen, ICH bin dabei!&nbsp;<\/p>\n","protected":false},"excerpt":{"rendered":"<p>Hier sieht man mich mit Angela und Johanna. Mit ihnen und den anderen aus meiner Familie lebe ich seit August 2016 in dem D\u00f6rfchen Ebenshausen. Das liegt im wundersch\u00f6nen Werratal im gr\u00fcnen Herzen Deutschlands. Bei meiner Familie hatte ich schon einige Vorg\u00e4nger, aber ich bin der erste Labrador und werde bestimmt nicht die Einzige bleiben. [&hellip;]<\/p>\n","protected":false},"author":1,"featured_media":0,"parent":0,"menu_order":0,"comment_status":"closed","ping_status":"closed","template":"","meta":{"footnotes":""},"class_list":["post-23","page","type-page","status-publish","hentry"],"_links":{"self":[{"href":"http:\/\/aus-der-klingenquelle.de\/index.php?rest_route=\/wp\/v2\/pages\/23","targetHints":{"allow":["GET"]}}],"collection":[{"href":"http:\/\/aus-der-klingenquelle.de\/index.php?rest_route=\/wp\/v2\/pages"}],"about":[{"href":"http:\/\/aus-der-klingenquelle.de\/index.php?rest_route=\/wp\/v2\/types\/page"}],"author":[{"embeddable":true,"href":"http:\/\/aus-der-klingenquelle.de\/index.php?rest_route=\/wp\/v2\/users\/1"}],"replies":[{"embeddable":true,"href":"http:\/\/aus-der-klingenquelle.de\/index.php?rest_route=%2Fwp%2Fv2%2Fcomments&post=23"}],"version-history":[{"count":6,"href":"http:\/\/aus-der-klingenquelle.de\/index.php?rest_route=\/wp\/v2\/pages\/23\/revisions"}],"predecessor-version":[{"id":308,"href":"http:\/\/aus-der-klingenquelle.de\/index.php?rest_route=\/wp\/v2\/pages\/23\/revisions\/308"}],"wp:attachment":[{"href":"http:\/\/aus-der-klingenquelle.de\/index.php?rest_route=%2Fwp%2Fv2%2Fmedia&parent=23"}],"curies":[{"name":"wp","href":"https:\/\/api.w.org\/{rel}","templated":true}]}}