{"id":293,"date":"2021-04-07T17:29:58","date_gmt":"2021-04-07T17:29:58","guid":{"rendered":"http:\/\/aus-der-klingenquelle.de\/?page_id=293"},"modified":"2021-06-06T16:50:33","modified_gmt":"2021-06-06T16:50:33","slug":"neuigkeiten","status":"publish","type":"page","link":"http:\/\/aus-der-klingenquelle.de\/?page_id=293","title":{"rendered":"A-Wurf"},"content":{"rendered":"\n<h2 class=\"has-text-align-center wp-block-heading\">Unser A-Wurf ist da. <\/h2>\n\n\n\n<p class=\"has-text-align-center\"><em>06.06.2021<\/em><br>Wir freuen uns! <br>Unsere 8 Welpen haben am 31.05.21 das Licht der Welt erblickt.<br>Die Geburt verlief ruhig und entspannt und innerhalb von 3 Stunden konnten wir 5 M\u00e4dchen und 3 Jungs begr\u00fc\u00dfen.<br>Es war eine au\u00dfergew\u00f6hnlich sch\u00f6ne Erfahrung f\u00fcr uns.<br>Lotta ist eine liebevolle Mama, die sich r\u00fchrend um ihren Nachwuchs k\u00fcmmert.<\/p>\n\n\n\n<div class=\"wp-block-image\"><figure class=\"aligncenter size-large\"><img loading=\"lazy\" decoding=\"async\" width=\"1024\" height=\"768\" src=\"http:\/\/aus-der-klingenquelle.de\/wp-content\/uploads\/2021\/06\/173DBFA0-3159-472B-8DAF-123A2C6375A8-1024x768.jpeg\" alt=\"\" class=\"wp-image-371\" srcset=\"http:\/\/aus-der-klingenquelle.de\/wp-content\/uploads\/2021\/06\/173DBFA0-3159-472B-8DAF-123A2C6375A8-1024x768.jpeg 1024w, http:\/\/aus-der-klingenquelle.de\/wp-content\/uploads\/2021\/06\/173DBFA0-3159-472B-8DAF-123A2C6375A8-300x225.jpeg 300w, http:\/\/aus-der-klingenquelle.de\/wp-content\/uploads\/2021\/06\/173DBFA0-3159-472B-8DAF-123A2C6375A8-768x576.jpeg 768w, http:\/\/aus-der-klingenquelle.de\/wp-content\/uploads\/2021\/06\/173DBFA0-3159-472B-8DAF-123A2C6375A8-1536x1152.jpeg 1536w, http:\/\/aus-der-klingenquelle.de\/wp-content\/uploads\/2021\/06\/173DBFA0-3159-472B-8DAF-123A2C6375A8-2048x1536.jpeg 2048w\" sizes=\"auto, (max-width: 1024px) 100vw, 1024px\" \/><\/figure><\/div>\n\n\n\n<p class=\"has-text-align-center\"><em>05.05.2021<br><\/em>Unsere Lotta wird von Tag zu Tag runder und kuscheliger und mittlerweile zum Fr\u00fchaufsteher.<br>Das hat auch seine guten Seiten, die Tage sind viel l\u00e4nger und wer sieht schon jeden Tag den Sonnenaufgang. \ud83d\ude42<br>Sonntags l\u00e4nger schlafen? Nicht mit Lotta! \ud83d\ude00<\/p>\n\n\n\n<p class=\"has-text-align-center\"><em>26.04.2021<\/em><br>Heute war unsere Ultraschalluntersuchung. <br>Wir sind \u00fcbergl\u00fccklich. \ud83d\ude42<br>Unsere Lotta tr\u00e4gt kleine Welpen unter ihrem Herzen. <\/p>\n\n\n\n<div class=\"wp-block-image\"><figure class=\"aligncenter size-large\"><img loading=\"lazy\" decoding=\"async\" width=\"1024\" height=\"615\" src=\"http:\/\/aus-der-klingenquelle.de\/wp-content\/uploads\/2021\/04\/C4A3FC52-AA99-4358-A486-C0E968EF41FF-1024x615.jpeg\" alt=\"\" class=\"wp-image-363\" srcset=\"http:\/\/aus-der-klingenquelle.de\/wp-content\/uploads\/2021\/04\/C4A3FC52-AA99-4358-A486-C0E968EF41FF-1024x615.jpeg 1024w, http:\/\/aus-der-klingenquelle.de\/wp-content\/uploads\/2021\/04\/C4A3FC52-AA99-4358-A486-C0E968EF41FF-300x180.jpeg 300w, http:\/\/aus-der-klingenquelle.de\/wp-content\/uploads\/2021\/04\/C4A3FC52-AA99-4358-A486-C0E968EF41FF-768x461.jpeg 768w, http:\/\/aus-der-klingenquelle.de\/wp-content\/uploads\/2021\/04\/C4A3FC52-AA99-4358-A486-C0E968EF41FF-1536x922.jpeg 1536w, http:\/\/aus-der-klingenquelle.de\/wp-content\/uploads\/2021\/04\/C4A3FC52-AA99-4358-A486-C0E968EF41FF-2048x1229.jpeg 2048w\" sizes=\"auto, (max-width: 1024px) 100vw, 1024px\" \/><\/figure><\/div>\n\n\n\n<div class=\"wp-block-group\"><div class=\"wp-block-group__inner-container is-layout-flow wp-block-group-is-layout-flow\">\n<p class=\"has-text-align-center\"><em>07.04.2021<\/em><br>Unsere Lotta wurde Anfang April gedeckt. <br>Erwartet wird ein komplett schwarzer Wurf.<br>Ende April werden wir durch eine Ultraschalluntersuchung erfahren, ob Lotta Kleine unter ihrem Herzen tr\u00e4gt.<\/p>\n\n\n\n<div class=\"wp-block-image\"><figure class=\"aligncenter size-large\"><img loading=\"lazy\" decoding=\"async\" width=\"1024\" height=\"640\" src=\"http:\/\/aus-der-klingenquelle.de\/wp-content\/uploads\/2021\/04\/DDD5F4FC-34E4-4379-8C72-283BED662074-1024x640.jpeg\" alt=\"\" class=\"wp-image-300\" srcset=\"http:\/\/aus-der-klingenquelle.de\/wp-content\/uploads\/2021\/04\/DDD5F4FC-34E4-4379-8C72-283BED662074-1024x640.jpeg 1024w, http:\/\/aus-der-klingenquelle.de\/wp-content\/uploads\/2021\/04\/DDD5F4FC-34E4-4379-8C72-283BED662074-300x188.jpeg 300w, http:\/\/aus-der-klingenquelle.de\/wp-content\/uploads\/2021\/04\/DDD5F4FC-34E4-4379-8C72-283BED662074-768x480.jpeg 768w, http:\/\/aus-der-klingenquelle.de\/wp-content\/uploads\/2021\/04\/DDD5F4FC-34E4-4379-8C72-283BED662074-1536x960.jpeg 1536w, http:\/\/aus-der-klingenquelle.de\/wp-content\/uploads\/2021\/04\/DDD5F4FC-34E4-4379-8C72-283BED662074-2048x1280.jpeg 2048w\" sizes=\"auto, (max-width: 1024px) 100vw, 1024px\" \/><\/figure><\/div>\n<\/div><\/div>\n\n\n\n<p class=\"has-text-align-center\"><\/p>\n","protected":false},"excerpt":{"rendered":"<p>Unser A-Wurf ist da. 06.06.2021Wir freuen uns! Unsere 8 Welpen haben am 31.05.21 das Licht der Welt erblickt.Die Geburt verlief ruhig und entspannt und innerhalb von 3 Stunden konnten wir 5 M\u00e4dchen und 3 Jungs begr\u00fc\u00dfen.Es war eine au\u00dfergew\u00f6hnlich sch\u00f6ne Erfahrung f\u00fcr uns.Lotta ist eine liebevolle Mama, die sich r\u00fchrend um ihren Nachwuchs k\u00fcmmert. 05.05.2021Unsere [&hellip;]<\/p>\n","protected":false},"author":1,"featured_media":0,"parent":0,"menu_order":0,"comment_status":"closed","ping_status":"closed","template":"","meta":{"footnotes":""},"class_list":["post-293","page","type-page","status-publish","hentry"],"_links":{"self":[{"href":"http:\/\/aus-der-klingenquelle.de\/index.php?rest_route=\/wp\/v2\/pages\/293","targetHints":{"allow":["GET"]}}],"collection":[{"href":"http:\/\/aus-der-klingenquelle.de\/index.php?rest_route=\/wp\/v2\/pages"}],"about":[{"href":"http:\/\/aus-der-klingenquelle.de\/index.php?rest_route=\/wp\/v2\/types\/page"}],"author":[{"embeddable":true,"href":"http:\/\/aus-der-klingenquelle.de\/index.php?rest_route=\/wp\/v2\/users\/1"}],"replies":[{"embeddable":true,"href":"http:\/\/aus-der-klingenquelle.de\/index.php?rest_route=%2Fwp%2Fv2%2Fcomments&post=293"}],"version-history":[{"count":24,"href":"http:\/\/aus-der-klingenquelle.de\/index.php?rest_route=\/wp\/v2\/pages\/293\/revisions"}],"predecessor-version":[{"id":581,"href":"http:\/\/aus-der-klingenquelle.de\/index.php?rest_route=\/wp\/v2\/pages\/293\/revisions\/581"}],"wp:attachment":[{"href":"http:\/\/aus-der-klingenquelle.de\/index.php?rest_route=%2Fwp%2Fv2%2Fmedia&parent=293"}],"curies":[{"name":"wp","href":"https:\/\/api.w.org\/{rel}","templated":true}]}}