{"id":380,"date":"2026-04-07T16:03:24","date_gmt":"2026-04-07T16:03:24","guid":{"rendered":"http:\/\/aus-der-klingenquelle.de\/?page_id=380"},"modified":"2026-04-14T18:43:18","modified_gmt":"2026-04-14T18:43:18","slug":"alma-aus-der-klingenquelle","status":"publish","type":"page","link":"http:\/\/aus-der-klingenquelle.de\/?page_id=380","title":{"rendered":"Alma aus der Klingenquelle"},"content":{"rendered":"<div data-colibri-id=\"380-c1\" class=\"style-199 style-local-380-c1 position-relative\">\n  <!---->\n  <div data-colibri-component=\"section\" data-colibri-id=\"380-c2\" id=\"content\" class=\"h-section h-section-global-spacing d-flex align-items-lg-center align-items-md-center align-items-center style-220 style-local-380-c2 position-relative\">\n    <!---->\n    <!---->\n    <div class=\"h-section-grid-container h-section-fluid-container\">\n      <!---->\n      <div data-colibri-id=\"380-c3\" class=\"h-row-container gutters-row-lg-0 gutters-row-md-0 gutters-row-2 gutters-row-v-lg-0 gutters-row-v-md-0 gutters-row-v-2 style-221 style-local-380-c3 position-relative\">\n        <!---->\n        <div class=\"h-row justify-content-lg-center justify-content-md-center justify-content-center align-items-lg-stretch align-items-md-stretch align-items-stretch gutters-col-lg-0 gutters-col-md-0 gutters-col-2 gutters-col-v-lg-0 gutters-col-v-md-0 gutters-col-v-2\">\n          <!---->\n          <div class=\"h-column h-column-container d-flex h-col-lg-auto h-col-md-auto h-col-auto style-222-outer style-local-380-c4-outer\">\n            <div data-colibri-id=\"380-c4\" class=\"d-flex h-flex-basis h-column__inner h-px-lg-0 h-px-md-0 h-px-0 v-inner-lg-0 v-inner-md-0 v-inner-0 style-222 style-local-380-c4 position-relative\">\n              <!---->\n              <!---->\n              <div class=\"w-100 h-y-container h-column__content h-column__v-align flex-basis-100 align-self-lg-start align-self-md-start align-self-start\">\n                <!---->\n                <div data-colibri-id=\"380-c5\" class=\"h-global-transition-all h-heading style-223 style-local-380-c5 position-relative h-element\">\n                  <!---->\n                  <div class=\"h-heading__outer style-223 style-local-380-c5\">\n                    <!---->\n                    <!---->\n                    <h3 class=\"\">ALMA\n                      <br>AUS DER KLINGENQUELLE<\/h3>\n                  <\/div>\n                <\/div>\n                <div data-colibri-id=\"380-c6\" class=\"h-text h-text-component style-225 style-local-380-c6 position-relative h-element\">\n                  <!---->\n                  <!---->\n                  <div class=\"\">\n                    <p>Hey ich bin Alma, eine sportliche und lebensfrohe Labbih\u00fcndin.<\/p>\n                  <\/div>\n                <\/div>\n                <div data-colibri-id=\"380-c7\" class=\"h-row-container gutters-row-lg-2 gutters-row-md-2 gutters-row-0 gutters-row-v-lg-2 gutters-row-v-md-2 gutters-row-v-0 style-226 style-local-380-c7 position-relative\">\n                  <!---->\n                  <div class=\"h-row justify-content-lg-center justify-content-md-center justify-content-center align-items-lg-stretch align-items-md-stretch align-items-stretch gutters-col-lg-2 gutters-col-md-2 gutters-col-0 gutters-col-v-lg-2 gutters-col-v-md-2 gutters-col-v-0\">\n                    <!---->\n                    <div class=\"h-column h-column-container d-flex h-col-lg-6 h-col-md-6 h-col-6 style-227-outer style-local-380-c8-outer\">\n                      <div data-colibri-id=\"380-c8\" class=\"d-flex h-flex-basis h-column__inner h-px-lg-0 h-px-md-0 h-px-0 v-inner-lg-0 v-inner-md-0 v-inner-0 style-227 style-local-380-c8 position-relative\">\n                        <!---->\n                        <!---->\n                        <div class=\"w-100 h-y-container h-column__content h-column__v-align flex-basis-100 align-self-lg-start align-self-md-start align-self-start\">\n                          <!---->\n                          <div data-colibri-id=\"380-c9\" class=\"h-global-transition-all h-heading style-228 style-local-380-c9 position-relative h-element\">\n                            <!---->\n                            <div class=\"h-heading__outer style-228 style-local-380-c9\">\n                              <!---->\n                              <!---->\n                              <h5 class=\"\">GEWORFEN<\/h5>\n                            <\/div>\n                          <\/div>\n                          <div data-colibri-id=\"380-c10\" class=\"h-text h-text-component style-229 style-local-380-c10 position-relative h-element\">\n                            <!---->\n                            <!---->\n                            <div class=\"\">\n                              <p>31.05.2021<\/p>\n                            <\/div>\n                          <\/div>\n                        <\/div>\n                      <\/div>\n                    <\/div>\n                    <div class=\"h-column h-column-container d-flex h-col-lg-6 h-col-md-6 h-col-6 style-227-outer style-local-380-c11-outer\">\n                      <div data-colibri-id=\"380-c11\" class=\"d-flex h-flex-basis h-column__inner h-px-lg-0 h-px-md-0 h-px-0 v-inner-lg-0 v-inner-md-0 v-inner-0 style-227 style-local-380-c11 position-relative\">\n                        <!---->\n                        <!---->\n                        <div class=\"w-100 h-y-container h-column__content h-column__v-align flex-basis-100 align-self-lg-start align-self-md-start align-self-start\">\n                          <!---->\n                          <div data-colibri-id=\"380-c12\" class=\"h-global-transition-all h-heading style-228 style-local-380-c12 position-relative h-element\">\n                            <!---->\n                            <div class=\"h-heading__outer style-228 style-local-380-c12\">\n                              <!---->\n                              <!---->\n                              <h5 class=\"\">GESCHLECHT<\/h5>\n                            <\/div>\n                          <\/div>\n                          <div data-colibri-id=\"380-c13\" class=\"h-text h-text-component style-229 style-local-380-c13 position-relative h-element\">\n                            <!---->\n                            <!---->\n                            <div class=\"\">\n                              <p>H\u00fcndin<\/p>\n                            <\/div>\n                          <\/div>\n                        <\/div>\n                      <\/div>\n                    <\/div>\n                    <div class=\"h-column h-column-container d-flex h-col-lg-6 h-col-md-6 h-col-6 style-227-outer style-local-380-c14-outer\">\n                      <div data-colibri-id=\"380-c14\" class=\"d-flex h-flex-basis h-column__inner h-px-lg-0 h-px-md-0 h-px-0 v-inner-lg-0 v-inner-md-0 v-inner-0 style-227 style-local-380-c14 position-relative\">\n                        <!---->\n                        <!---->\n                        <div class=\"w-100 h-y-container h-column__content h-column__v-align flex-basis-100 align-self-lg-start align-self-md-start align-self-start\">\n                          <!---->\n                          <div data-colibri-id=\"380-c15\" class=\"h-global-transition-all h-heading style-228 style-local-380-c15 position-relative h-element\">\n                            <!---->\n                            <div class=\"h-heading__outer style-228 style-local-380-c15\">\n                              <!---->\n                              <!---->\n                              <h5 class=\"\">PR\u00dcFUNGEN<\/h5>\n                            <\/div>\n                          <\/div>\n                          <div data-colibri-id=\"380-c16\" class=\"h-text h-text-component style-229 style-local-380-c16 position-relative h-element\">\n                            <!---->\n                            <!---->\n                            <div class=\"\">\n                              <p><strong>Wesenstest:<\/strong> Bestanden\n                                <br><strong>Formwert:<\/strong> Vorz\u00fcglich<\/p>\n                            <\/div>\n                          <\/div>\n                        <\/div>\n                      <\/div>\n                    <\/div>\n                    <div class=\"h-column h-column-container d-flex h-col-lg-6 h-col-md-6 h-col-6 style-227-outer style-local-380-c17-outer\">\n                      <div data-colibri-id=\"380-c17\" class=\"d-flex h-flex-basis h-column__inner h-px-lg-0 h-px-md-0 h-px-0 v-inner-lg-0 v-inner-md-0 v-inner-0 style-227 style-local-380-c17 position-relative\">\n                        <!---->\n                        <!---->\n                        <div class=\"w-100 h-y-container h-column__content h-column__v-align flex-basis-100 align-self-lg-start align-self-md-start align-self-start\">\n                          <!---->\n                          <div data-colibri-id=\"380-c18\" class=\"h-global-transition-all h-heading style-228 style-local-380-c18 position-relative h-element\">\n                            <!---->\n                            <div class=\"h-heading__outer style-228 style-local-380-c18\">\n                              <!---->\n                              <!---->\n                              <h5 class=\"\">GENETIK<\/h5>\n                            <\/div>\n                          <\/div>\n                          <div data-colibri-id=\"380-c19\" class=\"h-text h-text-component style-229 style-local-380-c19 position-relative h-element\">\n                            <!---->\n                            <!---->\n                            <div class=\"\">\n                              <p><strong>HD\/ED:<\/strong> HD-A1\/A1 ED-0\/0<\/p>\n                              <p><strong style=\"color: rgb(153, 153, 153); font-family: &quot;Open Sans&quot;; font-size: 16px;\">Farbe:<\/strong><span style=\"color: rgb(153, 153, 153); font-family: &quot;Open Sans&quot;; font-size: 16px; font-weight: 400;\">&nbsp;Schwarz tr\u00e4gt chocolate (BbEE)<\/span><\/p>\n                              <p><strong style=\"color: rgb(153, 153, 153); font-family: &quot;Open Sans&quot;; font-size: 16px;\">Diagnosen:&nbsp;<\/strong><span style=\"color: rgb(153, 153, 153); font-family: &quot;Open Sans&quot;; font-size: 16px; font-weight: 400;\">VZ PRCD-PRA-normal(*) Myo(CNM)-N\/N(*) EIC-N\/N HNPK-N\/N(*)<\/span><\/p>\n                            <\/div>\n                          <\/div>\n                        <\/div>\n                      <\/div>\n                    <\/div>\n                  <\/div>\n                <\/div>\n              <\/div>\n            <\/div>\n          <\/div>\n          <div class=\"h-column h-column-container d-flex h-col-lg-auto h-col-md-auto h-col-auto style-230-outer style-local-380-c20-outer\">\n            <div data-colibri-id=\"380-c20\" class=\"d-flex h-flex-basis h-column__inner h-ui-empty-state-container h-px-lg-0 h-px-md-0 h-px-0 v-inner-lg-0 v-inner-md-0 v-inner-0 style-230 style-local-380-c20 position-relative\">\n              <!---->\n              <!---->\n              <div class=\"w-100 h-y-container h-column__content h-column__v-align flex-basis-100\">\n                <!---->\n              <\/div>\n            <\/div>\n          <\/div>\n        <\/div>\n      <\/div>\n    <\/div>\n  <\/div>\n  <div data-colibri-component=\"section\" data-colibri-id=\"380-c28\" id=\"features\" class=\"h-section h-section-global-spacing d-flex align-items-lg-center align-items-md-center align-items-center style-256 style-local-380-c28 position-relative\">\n    <!---->\n    <!---->\n    <div class=\"h-section-grid-container h-section-boxed-container\">\n      <!---->\n      <div data-colibri-id=\"380-c29\" class=\"h-row-container gutters-row-lg-2 gutters-row-md-2 gutters-row-2 gutters-row-v-lg-2 gutters-row-v-md-2 gutters-row-v-2 style-257 style-local-380-c29 position-relative\">\n        <!---->\n        <div class=\"h-row justify-content-lg-center justify-content-md-center justify-content-center align-items-lg-stretch align-items-md-stretch align-items-stretch gutters-col-lg-2 gutters-col-md-2 gutters-col-2 gutters-col-v-lg-2 gutters-col-v-md-2 gutters-col-v-2\">\n          <!---->\n          <div class=\"h-column h-column-container d-flex h-col-lg-3 h-col-md-3 h-col-6 style-258-outer style-local-380-c30-outer\">\n            <div data-colibri-id=\"380-c30\" class=\"d-flex h-flex-basis h-column__inner h-px-lg-0 h-px-md-0 h-px-0 v-inner-lg-0 v-inner-md-0 v-inner-2 style-258 style-local-380-c30 position-relative\">\n              <!---->\n              <!---->\n              <div class=\"w-100 h-y-container h-column__content h-column__v-align flex-basis-100 align-self-lg-start align-self-md-start align-self-start\">\n                <!---->\n                <div data-colibri-id=\"380-c31\" class=\"h-icon style-259 style-local-380-c31 position-relative h-element\">\n                  <!---->\n                  <a href=\"https:\/\/lcd-labrador.de\/formwertprotokoll\/?id=bb37883e-9fae-4fe6-82ad-c976197f8d1b\" h-use-smooth-scroll=\"true\"><span class=\"h-svg-icon h-icon__icon style-259-icon style-local-380-c31-icon\"><!--Icon by Font Awesome (https:\/\/fontawesome.com)-->\n    <svg version=\"1.1\" xmlns=\"http:\/\/www.w3.org\/2000\/svg\" xmlns:xlink=\"http:\/\/www.w3.org\/1999\/xlink\" id=\"paw\" viewBox=\"0 0 1664 1896.0833\">\n      <path d=\"M780 472q0 60-19 113.5T698 678t-105 39q-76 0-138-57.5T363 524t-30-151q0-60 19-113.5t63-92.5 105-39q77 0 138.5 57.5t91.5 135T780 472zM438 955q0 80-42 139t-119 59q-76 0-141.5-55.5T35 964 0 812q0-80 42-139.5T161 613q76 0 141.5 55.5t100.5 134T438 955zm394-27q118 0 255 97.5t229 237 92 254.5q0 46-17 76.5t-48.5 45-64.5 20-76 5.5q-68 0-187.5-45T832 1574q-66 0-192.5 44.5T439 1663q-183 0-183-146 0-86 56-191.5T451.5 1133 639 987t193-59zm239-211q-61 0-105-39t-63-92.5T884 472q0-74 30-151.5t91.5-135T1144 128q61 0 105 39t63 92.5 19 113.5q0 73-30 151t-92 135.5-138 57.5zm432-104q77 0 119 59.5t42 139.5q0 74-35 152t-100.5 133.5T1387 1153q-77 0-119-59t-42-139q0-74 35-152.5t100.5-134T1503 613z\"><\/path>\n    <\/svg><\/span><\/a>\n                <\/div>\n                <div data-colibri-id=\"380-c32\" class=\"h-global-transition-all h-heading style-260 style-local-380-c32 position-relative h-element\">\n                  <!---->\n                  <div class=\"h-heading__outer style-260 style-local-380-c32\">\n                    <!---->\n                    <!---->\n                    <a href=\"https:\/\/lcd-labrador.de\/formwertprotokoll\/?id=bb37883e-9fae-4fe6-82ad-c976197f8d1b\" h-use-smooth-scroll=\"true\">\n                      <h4 class=\"\">Formwert<\/h4>\n                    <\/a>\n                  <\/div>\n                <\/div>\n              <\/div>\n            <\/div>\n          <\/div>\n          <div class=\"h-column h-column-container d-flex h-col-lg-3 h-col-md-3 h-col-6 style-258-outer style-local-380-c33-outer\">\n            <div data-colibri-id=\"380-c33\" class=\"d-flex h-flex-basis h-column__inner h-px-lg-0 h-px-md-0 h-px-0 v-inner-lg-0 v-inner-md-0 v-inner-2 style-258 style-local-380-c33 position-relative\">\n              <!---->\n              <!---->\n              <div class=\"w-100 h-y-container h-column__content h-column__v-align flex-basis-100 align-self-lg-start align-self-md-start align-self-start\">\n                <!---->\n                <div data-colibri-id=\"380-c34\" class=\"h-icon style-259 style-local-380-c34 position-relative h-element\">\n                  <!---->\n                  <a href=\"https:\/\/lcd-labrador.de\/wesenstest\/?id=a55e4960-1b9b-443c-9361-d7ad18bd310f\" h-use-smooth-scroll=\"true\"><span class=\"h-svg-icon h-icon__icon style-259-icon style-local-380-c34-icon\"><!--Icon by Font Awesome (https:\/\/fontawesome.com)-->\n    <svg version=\"1.1\" xmlns=\"http:\/\/www.w3.org\/2000\/svg\" xmlns:xlink=\"http:\/\/www.w3.org\/1999\/xlink\" id=\"lightbulb-o\" viewBox=\"0 0 1085.3815 1896.0833\">\n      <path d=\"M736 576q0 13-9.5 22.5T704 608t-22.5-9.5T672 576q0-46-54-71t-106-25q-13 0-22.5-9.5T480 448t9.5-22.5T512 416q50 0 99.5 16t87 54 37.5 90zm160 0q0-72-34.5-134t-90-101.5-123-62T512 256t-136.5 22.5-123 62-90 101.5T128 576q0 101 68 180 10 11 30.5 33t30.5 33q128 153 141 298h228q13-145 141-298 10-11 30.5-33t30.5-33q68-79 68-180zm128 0q0 155-103 268-45 49-74.5 87t-59.5 95.5-34 107.5q47 28 47 82 0 37-25 64 25 27 25 64 0 52-45 81 13 23 13 47 0 46-31.5 71t-77.5 25q-20 44-60 70t-87 26-87-26-60-70q-46 0-77.5-25t-31.5-71q0-24 13-47-45-29-45-81 0-37 25-64-25-27-25-64 0-54 47-82-4-50-34-107.5T177.5 931 103 844Q0 731 0 576q0-99 44.5-184.5t117-142 164-89T512 128t186.5 32.5 164 89 117 142T1024 576z\"><\/path>\n    <\/svg><\/span><\/a>\n                <\/div>\n                <div data-colibri-id=\"380-c35\" class=\"h-global-transition-all h-heading style-260 style-local-380-c35 position-relative h-element\">\n                  <!---->\n                  <div class=\"h-heading__outer style-260 style-local-380-c35\">\n                    <!---->\n                    <!---->\n                    <a href=\"https:\/\/lcd-labrador.de\/wesenstest\/?id=a55e4960-1b9b-443c-9361-d7ad18bd310f\" h-use-smooth-scroll=\"true\">\n                      <h4 class=\"\">Wesenstest<\/h4>\n                    <\/a>\n                  <\/div>\n                <\/div>\n              <\/div>\n            <\/div>\n          <\/div>\n        <\/div>\n      <\/div>\n    <\/div>\n  <\/div>\n  <div data-colibri-component=\"section\" data-colibri-id=\"380-c21\" id=\"contact\" class=\"h-section h-section-global-spacing d-flex align-items-lg-center align-items-md-center align-items-center style-246 style-local-380-c21 position-relative\">\n    <!---->\n    <!---->\n    <div class=\"h-section-grid-container h-section-boxed-container\">\n      <!---->\n      <div data-colibri-id=\"380-c22\" class=\"h-row-container gutters-row-lg-2 gutters-row-md-2 gutters-row-2 gutters-row-v-lg-2 gutters-row-v-md-2 gutters-row-v-2 style-247 style-local-380-c22 position-relative\">\n        <!---->\n        <div class=\"h-row justify-content-lg-center justify-content-md-center justify-content-center align-items-lg-stretch align-items-md-stretch align-items-stretch gutters-col-lg-2 gutters-col-md-2 gutters-col-2 gutters-col-v-lg-2 gutters-col-v-md-2 gutters-col-v-2\">\n          <!---->\n          <div class=\"h-column h-column-container d-flex h-col-lg-auto h-col-md-auto h-col-auto style-248-outer style-local-380-c23-outer\">\n            <div data-colibri-id=\"380-c23\" class=\"d-flex h-flex-basis h-column__inner h-px-lg-0 h-px-md-0 h-px-0 v-inner-lg-0 v-inner-md-0 v-inner-0 style-248 style-local-380-c23 position-relative\">\n              <!---->\n              <!---->\n              <div class=\"w-100 h-y-container h-column__content h-column__v-align flex-basis-100 align-self-lg-start align-self-md-start align-self-start\">\n                <!---->\n                <div data-colibri-id=\"380-c24\" class=\"h-row-container gutters-row-lg-0 gutters-row-md-0 gutters-row-0 gutters-row-v-lg-0 gutters-row-v-md-0 gutters-row-v-0 style-249 style-local-380-c24 position-relative\">\n                  <!---->\n                  <div class=\"h-row justify-content-lg-center justify-content-md-center justify-content-center align-items-lg-stretch align-items-md-stretch align-items-stretch gutters-col-lg-0 gutters-col-md-0 gutters-col-0 gutters-col-v-lg-0 gutters-col-v-md-0 gutters-col-v-0\">\n                    <!---->\n                    <div class=\"h-column h-column-container d-flex h-col-lg-auto h-col-md-auto h-col-auto style-250-outer style-local-380-c25-outer\">\n                      <div data-colibri-id=\"380-c25\" class=\"d-flex h-flex-basis h-column__inner h-px-lg-0 h-px-md-0 h-px-0 v-inner-lg-0 v-inner-md-0 v-inner-0 style-250 style-local-380-c25 position-relative\">\n                        <!---->\n                        <!---->\n                        <div class=\"w-100 h-y-container h-column__content h-column__v-align flex-basis-100 align-self-lg-center align-self-md-center align-self-center\">\n                          <!---->\n                          <div data-colibri-id=\"380-c26\" class=\"h-global-transition-all h-heading style-251 style-local-380-c26 position-relative h-element\">\n                            <!---->\n                            <div class=\"h-heading__outer style-251 style-local-380-c26\">\n                              <!---->\n                              <!---->\n                              <h4 class=\"\"><\/h4>\n                            <\/div>\n                          <\/div>\n                        <\/div>\n                      <\/div>\n                    <\/div>\n                    <div class=\"h-column h-column-container d-flex h-col-lg-auto h-col-md-auto h-col-auto style-255-outer style-local-380-c27-outer\">\n                      <div data-colibri-id=\"380-c27\" class=\"d-flex h-flex-basis h-column__inner h-ui-empty-state-container h-px-lg-0 h-px-md-0 h-px-0 v-inner-lg-0 v-inner-md-0 v-inner-0 style-255 style-local-380-c27 position-relative\">\n                        <!---->\n                        <!---->\n                        <div class=\"w-100 h-y-container h-column__content h-column__v-align flex-basis-100\">\n                          <!---->\n                        <\/div>\n                      <\/div>\n                    <\/div>\n                  <\/div>\n                <\/div>\n              <\/div>\n            <\/div>\n          <\/div>\n        <\/div>\n      <\/div>\n    <\/div>\n  <\/div>\n<\/div>","protected":false},"excerpt":{"rendered":"<p>ALMA AUS DER KLINGENQUELLE Hey ich bin Alma, eine sportliche und lebensfrohe Labbih\u00fcndin. GEWORFEN 31.05.2021 GESCHLECHT H\u00fcndin PR\u00dcFUNGEN Wesenstest: Bestanden Formwert: Vorz\u00fcglich GENETIK HD\/ED: HD-A1\/A1 ED-0\/0 Farbe:&nbsp;Schwarz tr\u00e4gt chocolate (BbEE) Diagnosen:&nbsp;VZ PRCD-PRA-normal(*) Myo(CNM)-N\/N(*) EIC-N\/N HNPK-N\/N(*) Formwert Wesenstest<\/p>\n","protected":false},"author":1,"featured_media":0,"parent":0,"menu_order":0,"comment_status":"closed","ping_status":"closed","template":"page-templates\/full-width-page.php","meta":{"footnotes":""},"class_list":["post-380","page","type-page","status-publish","hentry"],"_links":{"self":[{"href":"http:\/\/aus-der-klingenquelle.de\/index.php?rest_route=\/wp\/v2\/pages\/380","targetHints":{"allow":["GET"]}}],"collection":[{"href":"http:\/\/aus-der-klingenquelle.de\/index.php?rest_route=\/wp\/v2\/pages"}],"about":[{"href":"http:\/\/aus-der-klingenquelle.de\/index.php?rest_route=\/wp\/v2\/types\/page"}],"author":[{"embeddable":true,"href":"http:\/\/aus-der-klingenquelle.de\/index.php?rest_route=\/wp\/v2\/users\/1"}],"replies":[{"embeddable":true,"href":"http:\/\/aus-der-klingenquelle.de\/index.php?rest_route=%2Fwp%2Fv2%2Fcomments&post=380"}],"version-history":[{"count":9,"href":"http:\/\/aus-der-klingenquelle.de\/index.php?rest_route=\/wp\/v2\/pages\/380\/revisions"}],"predecessor-version":[{"id":608,"href":"http:\/\/aus-der-klingenquelle.de\/index.php?rest_route=\/wp\/v2\/pages\/380\/revisions\/608"}],"wp:attachment":[{"href":"http:\/\/aus-der-klingenquelle.de\/index.php?rest_route=%2Fwp%2Fv2%2Fmedia&parent=380"}],"curies":[{"name":"wp","href":"https:\/\/api.w.org\/{rel}","templated":true}]}}